{"id":404,"date":"2025-05-24T12:10:50","date_gmt":"2025-05-24T12:10:50","guid":{"rendered":"https:\/\/staging.shmm.hu\/?page_id=404"},"modified":"2025-05-24T13:55:27","modified_gmt":"2025-05-24T13:55:27","slug":"about-us","status":"publish","type":"page","link":"https:\/\/staging.shmm.hu\/en\/about-us\/","title":{"rendered":"About Us"},"content":{"rendered":"<div data-elementor-type=\"wp-page\" data-elementor-id=\"404\" class=\"elementor elementor-404\" data-elementor-post-type=\"page\">\n\t\t\t\t<div class=\"elementor-element elementor-element-c347527 e-con-full e-flex e-con e-parent\" data-id=\"c347527\" data-element_type=\"container\" data-e-type=\"container\" data-settings=\"{&quot;background_background&quot;:&quot;classic&quot;}\">\n\t\t<div class=\"elementor-element elementor-element-fa73056 e-con-full e-flex e-con e-child\" data-id=\"fa73056\" data-element_type=\"container\" data-e-type=\"container\" data-settings=\"{&quot;background_background&quot;:&quot;classic&quot;}\">\n\t\t<div class=\"elementor-element elementor-element-2c7d3c2 e-con-full e-flex e-con e-child\" data-id=\"2c7d3c2\" data-element_type=\"container\" data-e-type=\"container\">\n\t\t<div class=\"elementor-element elementor-element-cfb4a03 e-flex e-con-boxed e-con e-child\" data-id=\"cfb4a03\" data-element_type=\"container\" data-e-type=\"container\">\n\t\t\t\t\t<div class=\"e-con-inner\">\n\t\t\t\t<div class=\"elementor-element elementor-element-2e504f9 elementor-widget__width-inherit elementor-widget elementor-widget-jkit_heading\" data-id=\"2e504f9\" data-element_type=\"widget\" data-e-type=\"widget\" data-widget_type=\"jkit_heading.default\">\n\t\t\t\t<div class=\"elementor-widget-container\">\n\t\t\t\t\t<div  class=\"jeg-elementor-kit jkit-heading  align-center align-tablet- align-mobile- jeg_module___6a08bac892481\" ><div class=\"heading-section-title  display-inline-block\"><h1 class=\"heading-title\">About Us<\/h1><\/div><\/div>\t\t\t\t<\/div>\n\t\t\t\t<\/div>\n\t\t\t\t<div class=\"elementor-element elementor-element-91a892e elementor-widget__width-inherit elementor-widget elementor-widget-text-editor\" data-id=\"91a892e\" data-element_type=\"widget\" data-e-type=\"widget\" data-widget_type=\"text-editor.default\">\n\t\t\t\t<div class=\"elementor-widget-container\">\n\t\t\t\t\t\t\t\t\t<p><span style=\"color: #ffffff;\"><a class=\"inner-banner-text-link\" style=\"color: #ffffff;\" href=\"https:\/\/shmm.hu\/\">Home <\/a><\/span>\/ <span style=\"text-decoration: underline;\"><span style=\"color: #e0b389;\"><a class=\"inner-banner-text-link w--current\" style=\"color: #e0b389; text-decoration: underline;\" href=\"https:\/\/shmm.hu\/about-us\" aria-current=\"page\">About Us<\/a><\/span><\/span><\/p>\t\t\t\t\t\t\t\t<\/div>\n\t\t\t\t<\/div>\n\t\t\t\t\t<\/div>\n\t\t\t\t<\/div>\n\t\t\t\t<\/div>\n\t\t\t\t<\/div>\n\t\t\t\t<\/div>\n\t\t<div class=\"elementor-element elementor-element-5270c30 e-flex e-con-boxed e-con e-parent\" data-id=\"5270c30\" data-element_type=\"container\" data-e-type=\"container\" data-settings=\"{&quot;background_background&quot;:&quot;classic&quot;}\">\n\t\t\t\t\t<div class=\"e-con-inner\">\n\t\t<div class=\"elementor-element elementor-element-405ab43 e-flex e-con-boxed e-con e-child\" data-id=\"405ab43\" data-element_type=\"container\" data-e-type=\"container\">\n\t\t\t\t\t<div class=\"e-con-inner\">\n\t\t<div class=\"elementor-element elementor-element-22dd6e6 e-flex e-con-boxed e-con e-child\" data-id=\"22dd6e6\" data-element_type=\"container\" data-e-type=\"container\">\n\t\t\t\t\t<div class=\"e-con-inner\">\n\t\t<div class=\"elementor-element elementor-element-2fd0169 e-con-full e-flex e-con e-child\" data-id=\"2fd0169\" data-element_type=\"container\" data-e-type=\"container\">\n\t\t\t\t<div class=\"elementor-element elementor-element-72364cf elementor-widget__width-auto elementor-tablet-align-center elementor-icon-list--layout-traditional elementor-list-item-link-full_width elementor-widget elementor-widget-icon-list\" data-id=\"72364cf\" data-element_type=\"widget\" data-e-type=\"widget\" data-widget_type=\"icon-list.default\">\n\t\t\t\t<div class=\"elementor-widget-container\">\n\t\t\t\t\t\t\t<ul class=\"elementor-icon-list-items\">\n\t\t\t\t\t\t\t<li class=\"elementor-icon-list-item\">\n\t\t\t\t\t\t\t\t\t\t\t<span class=\"elementor-icon-list-icon\">\n\t\t\t\t\t\t\t<svg aria-hidden=\"true\" class=\"e-font-icon-svg e-fas-circle\" viewbox=\"0 0 512 512\" xmlns=\"http:\/\/www.w3.org\/2000\/svg\"><path d=\"M256 8C119 8 8 119 8 256s111 248 248 248 248-111 248-248S393 8 256 8z\"><\/path><\/svg>\t\t\t\t\t\t<\/span>\n\t\t\t\t\t\t\t\t\t\t<span class=\"elementor-icon-list-text\"> Who are we?<\/span>\n\t\t\t\t\t\t\t\t\t<\/li>\n\t\t\t\t\t\t<\/ul>\n\t\t\t\t\t\t<\/div>\n\t\t\t\t<\/div>\n\t\t\t\t<div class=\"elementor-element elementor-element-3a28d0c elementor-widget elementor-widget-heading\" data-id=\"3a28d0c\" data-element_type=\"widget\" data-e-type=\"widget\" data-widget_type=\"heading.default\">\n\t\t\t\t<div class=\"elementor-widget-container\">\n\t\t\t\t\t<h2 class=\"elementor-heading-title elementor-size-default\">Experts in Revenue Management and Hotel Management<\/h2>\t\t\t\t<\/div>\n\t\t\t\t<\/div>\n\t\t\t\t<div class=\"elementor-element elementor-element-9efeb66 elementor-widget__width-initial elementor-widget-tablet__width-inherit elementor-widget elementor-widget-text-editor\" data-id=\"9efeb66\" data-element_type=\"widget\" data-e-type=\"widget\" data-widget_type=\"text-editor.default\">\n\t\t\t\t<div class=\"elementor-widget-container\">\n\t\t\t\t\t\t\t\t\t<p>Shared Moments Management is driven by a passion for the hotel industry and a desire for continuous improvement. We have strong business development DNA and entrepreneurial spirit, <strong>always looking for new ways to grow and develop.<\/strong>We believe that change is the key to success.<\/p><p class=\" translation-block\"><strong>The essence of the hotel industry<\/strong> lies in people. In a market dominated by online reputation and guest reviews, hotels with a unique character can gain a competitive advantage, increasing their global reach and visibility.<\/p><p class=\" translation-block\"><strong>Our passion is to create unique experiences for our guests.<\/strong>\nOur team combines personal interaction with creative ideas to differentiate our partner hotels from the competition. In addition, we are committed to maximizing profitability.<\/p>\t\t\t\t\t\t\t\t<\/div>\n\t\t\t\t<\/div>\n\t\t\t\t<\/div>\n\t\t<div class=\"elementor-element elementor-element-e3d9078 e-con-full e-flex e-con e-child\" data-id=\"e3d9078\" data-element_type=\"container\" data-e-type=\"container\">\n\t\t\t\t<div class=\"elementor-element elementor-element-0897b48 elementor-widget elementor-widget-image\" data-id=\"0897b48\" data-element_type=\"widget\" data-e-type=\"widget\" data-widget_type=\"image.default\">\n\t\t\t\t<div class=\"elementor-widget-container\">\n\t\t\t\t\t\t\t\t\t\t\t\t\t\t\t<img fetchpriority=\"high\" decoding=\"async\" width=\"522\" height=\"644\" src=\"https:\/\/staging.shmm.hu\/wp-content\/uploads\/2025\/05\/66938775f6dd1a2c93914fc1_About-Mission-Image1.jpg\" class=\"attachment-large size-large wp-image-414\" alt=\"\" srcset=\"https:\/\/staging.shmm.hu\/wp-content\/uploads\/2025\/05\/66938775f6dd1a2c93914fc1_About-Mission-Image1.jpg 522w, https:\/\/staging.shmm.hu\/wp-content\/uploads\/2025\/05\/66938775f6dd1a2c93914fc1_About-Mission-Image1-243x300.jpg 243w\" sizes=\"(max-width: 522px) 100vw, 522px\" \/>\t\t\t\t\t\t\t\t\t\t\t\t\t\t\t<\/div>\n\t\t\t\t<\/div>\n\t\t\t\t<div class=\"elementor-element elementor-element-24ff28a elementor-widget__width-auto elementor-widget-mobile__width-initial elementor-absolute elementor-widget elementor-widget-image\" data-id=\"24ff28a\" data-element_type=\"widget\" data-e-type=\"widget\" data-settings=\"{&quot;_position&quot;:&quot;absolute&quot;}\" data-widget_type=\"image.default\">\n\t\t\t\t<div class=\"elementor-widget-container\">\n\t\t\t\t\t\t\t\t\t\t\t\t\t\t\t<img decoding=\"async\" width=\"351\" height=\"289\" src=\"https:\/\/staging.shmm.hu\/wp-content\/uploads\/2025\/05\/66938775f6dd1a2c93914fc0_About-Mission-Image2.png\" class=\"attachment-full size-full wp-image-413\" alt=\"\" srcset=\"https:\/\/staging.shmm.hu\/wp-content\/uploads\/2025\/05\/66938775f6dd1a2c93914fc0_About-Mission-Image2.png 351w, https:\/\/staging.shmm.hu\/wp-content\/uploads\/2025\/05\/66938775f6dd1a2c93914fc0_About-Mission-Image2-300x247.png 300w\" sizes=\"(max-width: 351px) 100vw, 351px\" \/>\t\t\t\t\t\t\t\t\t\t\t\t\t\t\t<\/div>\n\t\t\t\t<\/div>\n\t\t\t\t<\/div>\n\t\t\t\t\t<\/div>\n\t\t\t\t<\/div>\n\t\t\t\t\t<\/div>\n\t\t\t\t<\/div>\n\t\t\t\t\t<\/div>\n\t\t\t\t<\/div>\n\t\t<div class=\"elementor-element elementor-element-0283a1f e-flex e-con-boxed e-con e-parent\" data-id=\"0283a1f\" data-element_type=\"container\" data-e-type=\"container\" data-settings=\"{&quot;background_background&quot;:&quot;classic&quot;}\">\n\t\t\t\t\t<div class=\"e-con-inner\">\n\t\t<div class=\"elementor-element elementor-element-5ba6cef e-flex e-con-boxed e-con e-child\" data-id=\"5ba6cef\" data-element_type=\"container\" data-e-type=\"container\">\n\t\t\t\t\t<div class=\"e-con-inner\">\n\t\t<div class=\"elementor-element elementor-element-fdade43 e-flex e-con-boxed e-con e-child\" data-id=\"fdade43\" data-element_type=\"container\" data-e-type=\"container\">\n\t\t\t\t\t<div class=\"e-con-inner\">\n\t\t<div class=\"elementor-element elementor-element-ff28c18 e-con-full jkit-sticky-element--enabled e-flex jkit-sticky-element-on--down jkit-sticky-position--sticky e-con e-child\" data-id=\"ff28c18\" data-element_type=\"container\" data-e-type=\"container\" data-settings=\"{&quot;jkit_sticky_top_position&quot;:{&quot;unit&quot;:&quot;px&quot;,&quot;size&quot;:&quot;50&quot;,&quot;sizes&quot;:[]},&quot;jkit_sticky_device&quot;:&quot;desktop&quot;}\">\n\t\t\t\t<div class=\"elementor-element elementor-element-7fc9eaf elementor-widget__width-auto elementor-tablet-align-center elementor-widget-tablet__width-auto elementor-icon-list--layout-traditional elementor-list-item-link-full_width elementor-widget elementor-widget-icon-list\" data-id=\"7fc9eaf\" data-element_type=\"widget\" data-e-type=\"widget\" data-widget_type=\"icon-list.default\">\n\t\t\t\t<div class=\"elementor-widget-container\">\n\t\t\t\t\t\t\t<ul class=\"elementor-icon-list-items\">\n\t\t\t\t\t\t\t<li class=\"elementor-icon-list-item\">\n\t\t\t\t\t\t\t\t\t\t\t<span class=\"elementor-icon-list-icon\">\n\t\t\t\t\t\t\t<svg aria-hidden=\"true\" class=\"e-font-icon-svg e-fas-circle\" viewbox=\"0 0 512 512\" xmlns=\"http:\/\/www.w3.org\/2000\/svg\"><path d=\"M256 8C119 8 8 119 8 256s111 248 248 248 248-111 248-248S393 8 256 8z\"><\/path><\/svg>\t\t\t\t\t\t<\/span>\n\t\t\t\t\t\t\t\t\t\t<span class=\"elementor-icon-list-text\"> Our Mission<\/span>\n\t\t\t\t\t\t\t\t\t<\/li>\n\t\t\t\t\t\t<\/ul>\n\t\t\t\t\t\t<\/div>\n\t\t\t\t<\/div>\n\t\t\t\t<div class=\"elementor-element elementor-element-27488f4 elementor-widget elementor-widget-heading\" data-id=\"27488f4\" data-element_type=\"widget\" data-e-type=\"widget\" data-widget_type=\"heading.default\">\n\t\t\t\t<div class=\"elementor-widget-container\">\n\t\t\t\t\t<h2 class=\"elementor-heading-title elementor-size-default\">Our mission is to provide our partners with long-term sustainable business growth, from planning to implementation. We use our expertise to help our partners achieve the highest possible quality of service for both the guest and the owners.<\/h2>\t\t\t\t<\/div>\n\t\t\t\t<\/div>\n\t\t\t\t<\/div>\n\t\t\t\t\t<\/div>\n\t\t\t\t<\/div>\n\t\t\t\t\t<\/div>\n\t\t\t\t<\/div>\n\t\t\t\t\t<\/div>\n\t\t\t\t<\/div>\n\t\t\t\t<\/div>","protected":false},"excerpt":{"rendered":"<p>R\u00f3lunk Kezd\u0151lap \/ R\u00f3lunk Kik vagyunk? Szak\u00e9rt\u0151k a Bev\u00e9telkezel\u00e9sben \u00e9s Sz\u00e1llodair\u00e1ny\u00edt\u00e1sban A Shared Moments Management-et a sz\u00e1llodaipar ir\u00e1nti szenved\u00e9ly \u00e9s a folyamatos fejl\u0151d\u00e9s v\u00e1gya hajtja. Er\u0151s \u00fczletfejleszt\u00e9si DNS-sel \u00e9s v\u00e1llalkoz\u00f3i szellemmel rendelkez\u00fcnk, mindig \u00faj utakat keresve a n\u00f6veked\u00e9shez \u00e9s fejl\u0151d\u00e9shez. Hissz\u00fck, hogy a v\u00e1ltoz\u00e1s a siker kulcsa.\u200d A\u00a0sz\u00e1llodaipar l\u00e9nyege az emberekben rejlik. Egy olyan piacon, [&hellip;]<\/p>","protected":false},"author":2,"featured_media":0,"parent":0,"menu_order":0,"comment_status":"closed","ping_status":"closed","template":"elementor_header_footer","meta":{"om_disable_all_campaigns":false,"_monsterinsights_skip_tracking":false,"_monsterinsights_sitenote_active":false,"_monsterinsights_sitenote_note":"","_monsterinsights_sitenote_category":0,"footnotes":""},"class_list":["post-404","page","type-page","status-publish","hentry"],"aioseo_notices":[],"_links":{"self":[{"href":"https:\/\/staging.shmm.hu\/en\/wp-json\/wp\/v2\/pages\/404","targetHints":{"allow":["GET"]}}],"collection":[{"href":"https:\/\/staging.shmm.hu\/en\/wp-json\/wp\/v2\/pages"}],"about":[{"href":"https:\/\/staging.shmm.hu\/en\/wp-json\/wp\/v2\/types\/page"}],"author":[{"embeddable":true,"href":"https:\/\/staging.shmm.hu\/en\/wp-json\/wp\/v2\/users\/2"}],"replies":[{"embeddable":true,"href":"https:\/\/staging.shmm.hu\/en\/wp-json\/wp\/v2\/comments?post=404"}],"version-history":[{"count":34,"href":"https:\/\/staging.shmm.hu\/en\/wp-json\/wp\/v2\/pages\/404\/revisions"}],"predecessor-version":[{"id":486,"href":"https:\/\/staging.shmm.hu\/en\/wp-json\/wp\/v2\/pages\/404\/revisions\/486"}],"wp:attachment":[{"href":"https:\/\/staging.shmm.hu\/en\/wp-json\/wp\/v2\/media?parent=404"}],"curies":[{"name":"wp","href":"https:\/\/api.w.org\/{rel}","templated":true}]}}