{"id":361,"date":"2025-05-22T23:18:57","date_gmt":"2025-05-22T23:18:57","guid":{"rendered":"https:\/\/staging.shmm.hu\/?page_id=361"},"modified":"2025-05-24T13:11:54","modified_gmt":"2025-05-24T13:11:54","slug":"services","status":"publish","type":"page","link":"https:\/\/staging.shmm.hu\/en\/services\/","title":{"rendered":"Services"},"content":{"rendered":"<div data-elementor-type=\"wp-page\" data-elementor-id=\"361\" class=\"elementor elementor-361\" data-elementor-post-type=\"page\">\n\t\t\t\t<div class=\"elementor-element elementor-element-1658701 e-con-full e-flex e-con e-parent\" data-id=\"1658701\" data-element_type=\"container\" data-e-type=\"container\" data-settings=\"{&quot;background_background&quot;:&quot;classic&quot;}\">\n\t\t<div class=\"elementor-element elementor-element-f84a562 e-con-full e-flex e-con e-child\" data-id=\"f84a562\" data-element_type=\"container\" data-e-type=\"container\" data-settings=\"{&quot;background_background&quot;:&quot;classic&quot;}\">\n\t\t<div class=\"elementor-element elementor-element-863290d e-con-full e-flex e-con e-child\" data-id=\"863290d\" data-element_type=\"container\" data-e-type=\"container\">\n\t\t<div class=\"elementor-element elementor-element-e1408f3 e-flex e-con-boxed e-con e-child\" data-id=\"e1408f3\" data-element_type=\"container\" data-e-type=\"container\">\n\t\t\t\t\t<div class=\"e-con-inner\">\n\t\t\t\t<div class=\"elementor-element elementor-element-262b7e6 elementor-widget__width-inherit elementor-widget elementor-widget-jkit_heading\" data-id=\"262b7e6\" data-element_type=\"widget\" data-e-type=\"widget\" data-widget_type=\"jkit_heading.default\">\n\t\t\t\t<div class=\"elementor-widget-container\">\n\t\t\t\t\t<div  class=\"jeg-elementor-kit jkit-heading  align-center align-tablet- align-mobile- jeg_module___6a08bac89fe78\" ><div class=\"heading-section-title  display-inline-block\"><h1 class=\"heading-title\">Our services<\/h1><\/div><\/div>\t\t\t\t<\/div>\n\t\t\t\t<\/div>\n\t\t\t\t<div class=\"elementor-element elementor-element-00c905f elementor-widget__width-inherit elementor-widget elementor-widget-text-editor\" data-id=\"00c905f\" data-element_type=\"widget\" data-e-type=\"widget\" data-widget_type=\"text-editor.default\">\n\t\t\t\t<div class=\"elementor-widget-container\">\n\t\t\t\t\t\t\t\t\t<p><span style=\"color: #ffffff;\"><a class=\"inner-banner-text-link\" style=\"color: #ffffff;\" href=\"https:\/\/shmm.hu\/\">Home <\/a><\/span>\/ <span style=\"text-decoration: underline;\"><span style=\"color: #e0b389;\"><a class=\"inner-banner-text-link w--current\" style=\"color: #e0b389; text-decoration: underline;\" href=\"https:\/\/shmm.hu\/services\" aria-current=\"page\">Services<\/a><\/span><\/span><\/p>\t\t\t\t\t\t\t\t<\/div>\n\t\t\t\t<\/div>\n\t\t\t\t\t<\/div>\n\t\t\t\t<\/div>\n\t\t\t\t<\/div>\n\t\t\t\t<\/div>\n\t\t\t\t<\/div>\n\t\t<div class=\"elementor-element elementor-element-cf60cf0 e-flex e-con-boxed e-con e-parent\" data-id=\"cf60cf0\" data-element_type=\"container\" data-e-type=\"container\" data-settings=\"{&quot;background_background&quot;:&quot;classic&quot;}\">\n\t\t\t\t\t<div class=\"e-con-inner\">\n\t\t<div class=\"elementor-element elementor-element-1c0ba3f e-con-full e-flex e-con e-child\" data-id=\"1c0ba3f\" data-element_type=\"container\" data-e-type=\"container\">\n\t\t<div class=\"elementor-element elementor-element-527107d e-con-full e-flex e-con e-child\" data-id=\"527107d\" data-element_type=\"container\" data-e-type=\"container\">\n\t\t\t\t<div class=\"elementor-element elementor-element-423f944 elementor-widget__width-initial elementor-tablet-align-center elementor-icon-list--layout-traditional elementor-list-item-link-full_width elementor-widget elementor-widget-icon-list\" data-id=\"423f944\" data-element_type=\"widget\" data-e-type=\"widget\" data-widget_type=\"icon-list.default\">\n\t\t\t\t<div class=\"elementor-widget-container\">\n\t\t\t\t\t\t\t<ul class=\"elementor-icon-list-items\">\n\t\t\t\t\t\t\t<li class=\"elementor-icon-list-item\">\n\t\t\t\t\t\t\t\t\t\t\t<span class=\"elementor-icon-list-icon\">\n\t\t\t\t\t\t\t<svg aria-hidden=\"true\" class=\"e-font-icon-svg e-fas-circle\" viewbox=\"0 0 512 512\" xmlns=\"http:\/\/www.w3.org\/2000\/svg\"><path d=\"M256 8C119 8 8 119 8 256s111 248 248 248 248-111 248-248S393 8 256 8z\"><\/path><\/svg>\t\t\t\t\t\t<\/span>\n\t\t\t\t\t\t\t\t\t\t<span class=\"elementor-icon-list-text\">Our services<\/span>\n\t\t\t\t\t\t\t\t\t<\/li>\n\t\t\t\t\t\t<\/ul>\n\t\t\t\t\t\t<\/div>\n\t\t\t\t<\/div>\n\t\t\t\t<div class=\"elementor-element elementor-element-9d3b9be elementor-widget elementor-widget-heading\" data-id=\"9d3b9be\" data-element_type=\"widget\" data-e-type=\"widget\" data-widget_type=\"heading.default\">\n\t\t\t\t<div class=\"elementor-widget-container\">\n\t\t\t\t\t<h2 class=\"elementor-heading-title elementor-size-default\">Professional solutions, customized<\/h2>\t\t\t\t<\/div>\n\t\t\t\t<\/div>\n\t\t\t\t<div class=\"elementor-element elementor-element-7aca135 elementor-widget__width-initial elementor-widget-tablet__width-inherit elementor-widget elementor-widget-text-editor\" data-id=\"7aca135\" data-element_type=\"widget\" data-e-type=\"widget\" data-widget_type=\"text-editor.default\">\n\t\t\t\t<div class=\"elementor-widget-container\">\n\t\t\t\t\t\t\t\t\t<div class=\"feature-section-title-wrapper\"><div class=\"feature-section-title-single\"><p class=\"section-description color-change\" data-w-id=\"4ff69851-3360-ecc4-0570-b2db8e964527\">Shared Moments Management provides comprehensive solutions for the hotel industry to maximize revenue and optimize operations.<\/p><\/div><\/div>\t\t\t\t\t\t\t\t<\/div>\n\t\t\t\t<\/div>\n\t\t\t\t<\/div>\n\t\t<div class=\"elementor-element elementor-element-79413c3 e-con-full e-flex e-con e-child\" data-id=\"79413c3\" data-element_type=\"container\" data-e-type=\"container\">\n\t\t<div class=\"elementor-element elementor-element-d95e817 e-con-full jkit-sticky-element--enabled e-flex jkit-sticky-element-on--down jkit-sticky-position--sticky e-con e-child\" data-id=\"d95e817\" data-element_type=\"container\" data-e-type=\"container\" data-settings=\"{&quot;background_background&quot;:&quot;classic&quot;,&quot;jkit_sticky_device&quot;:[&quot;desktop&quot;,&quot;tablet&quot;],&quot;jkit_sticky_top_position&quot;:{&quot;unit&quot;:&quot;px&quot;,&quot;size&quot;:0,&quot;sizes&quot;:[]}}\">\n\t\t\t\t<div class=\"elementor-element elementor-element-26ff310 elementor-view-framed elementor-shape-circle elementor-widget elementor-widget-icon\" data-id=\"26ff310\" data-element_type=\"widget\" data-e-type=\"widget\" data-widget_type=\"icon.default\">\n\t\t\t\t<div class=\"elementor-widget-container\">\n\t\t\t\t\t\t\t<div class=\"elementor-icon-wrapper\">\n\t\t\t<div class=\"elementor-icon\">\n\t\t\t<svg xmlns=\"http:\/\/www.w3.org\/2000\/svg\" id=\"Layer_1\" viewbox=\"0 0 45 45\"><defs><style>      .cls-1 {        fill: #e0b389;      }    <\/style><\/defs><path class=\"cls-1\" d=\"M3.31,22.46c-.17.03-.34.04-.5.04-1.34,0-2.52-.96-2.77-2.31-.27-1.53.74-2.99,2.27-3.27,6.89-1.24,14.29-4.75,22.01-10.39l-3.25-3.94,15.5-2.59-5.5,14.71-3.16-3.83c-8.6,6.33-16.67,10.15-24.6,11.58ZM11.24,33.75c0-1.55-1.26-2.81-2.81-2.81h-2.81c-1.55,0-2.81,1.26-2.81,2.81v8.44c0,1.55,1.26,2.81,2.81,2.81h2.81c1.55,0,2.81-1.26,2.81-2.81v-8.44ZM30.93,19.69h-2.81c-1.55,0-2.81,1.26-2.81,2.81v19.69c0,1.55,1.26,2.81,2.81,2.81h2.81c1.55,0,2.81-1.26,2.81-2.81v-19.69c0-1.55-1.26-2.81-2.81-2.81ZM42.19,14.06h-2.81c-1.55,0-2.81,1.26-2.81,2.81v25.31c0,1.55,1.26,2.81,2.81,2.81h2.81c1.55,0,2.81-1.26,2.81-2.81v-25.31c0-1.55-1.26-2.81-2.81-2.81ZM22.49,28.12c0-1.55-1.26-2.81-2.81-2.81h-2.81c-1.55,0-2.81,1.26-2.81,2.81v14.06c0,1.55,1.26,2.81,2.81,2.81h2.81c1.55,0,2.81-1.26,2.81-2.81v-14.06Z\"><\/path><\/svg>\t\t\t<\/div>\n\t\t<\/div>\n\t\t\t\t\t\t<\/div>\n\t\t\t\t<\/div>\n\t\t\t\t<div class=\"elementor-element elementor-element-4569dd7 elementor-widget elementor-widget-heading\" data-id=\"4569dd7\" data-element_type=\"widget\" data-e-type=\"widget\" data-widget_type=\"heading.default\">\n\t\t\t\t<div class=\"elementor-widget-container\">\n\t\t\t\t\t<h3 class=\"elementor-heading-title elementor-size-default\">Profit optimization<\/h3>\t\t\t\t<\/div>\n\t\t\t\t<\/div>\n\t\t\t\t<div class=\"elementor-element elementor-element-7dc9403 elementor-widget elementor-widget-text-editor\" data-id=\"7dc9403\" data-element_type=\"widget\" data-e-type=\"widget\" data-widget_type=\"text-editor.default\">\n\t\t\t\t<div class=\"elementor-widget-container\">\n\t\t\t\t\t\t\t\t\t<p>We develop customized strategies tailored to the unique needs of your property to maximize revenue and optimize profits.<\/p><h3>Our service includes:<\/h3><ul><li>Detailed market analysis and competitor evaluation<\/li><li>Development and implementation of dynamic pricing strategies<\/li><li>Optimization of sales channels<\/li><li>Seasonality management and demand forecasting<\/li><li>Plan package offers and promotions<\/li><li>Application of yield management techniques<\/li><\/ul>\t\t\t\t\t\t\t\t<\/div>\n\t\t\t\t<\/div>\n\t\t\t\t<\/div>\n\t\t\t\t<\/div>\n\t\t\t\t<\/div>\n\t\t<div class=\"elementor-element elementor-element-4634d77 e-flex e-con-boxed e-con e-child\" data-id=\"4634d77\" data-element_type=\"container\" data-e-type=\"container\">\n\t\t\t\t\t<div class=\"e-con-inner\">\n\t\t<div class=\"elementor-element elementor-element-011c626 e-con-full jkit-sticky-element--enabled e-flex jkit-sticky-element-on--down jkit-sticky-position--sticky e-con e-child\" data-id=\"011c626\" data-element_type=\"container\" data-e-type=\"container\" data-settings=\"{&quot;background_background&quot;:&quot;classic&quot;,&quot;jkit_sticky_device&quot;:[&quot;desktop&quot;,&quot;tablet&quot;],&quot;jkit_sticky_top_position&quot;:{&quot;unit&quot;:&quot;px&quot;,&quot;size&quot;:0,&quot;sizes&quot;:[]}}\">\n\t\t\t\t<div class=\"elementor-element elementor-element-7ffcd2e elementor-view-framed elementor-shape-circle elementor-widget elementor-widget-icon\" data-id=\"7ffcd2e\" data-element_type=\"widget\" data-e-type=\"widget\" data-widget_type=\"icon.default\">\n\t\t\t\t<div class=\"elementor-widget-container\">\n\t\t\t\t\t\t\t<div class=\"elementor-icon-wrapper\">\n\t\t\t<div class=\"elementor-icon\">\n\t\t\t<svg xmlns=\"http:\/\/www.w3.org\/2000\/svg\" id=\"Layer_1\" viewbox=\"0 0 45 45\"><defs><style>      .cls-1 {        fill: #e0b389;      }    <\/style><\/defs><path class=\"cls-1\" d=\"M12.41,27.45c0,2.76-2.24,5-5,5s-5-2.24-5-5,2.24-5,5-5,5,2.24,5,5\"><\/path><path class=\"cls-1\" d=\"M7.5,32.5c-3.14,0-6.08,1.97-7.16,5.22C.09,38.47,0,39.27,0,40.07v2.93c0,.53.21,1.04.59,1.41s.88.59,1.41.59h11c.53,0,1.04-.21,1.41-.59s.59-.88.59-1.41v-2.9c0-.96-.15-1.93-.5-2.82-1.19-2.99-4-4.79-7-4.79h0Z\"><\/path><path class=\"cls-1\" d=\"M42.41,27.45c0,2.76-2.24,5-5,5s-5-2.24-5-5,2.24-5,5-5,5,2.24,5,5\"><\/path><path class=\"cls-1\" d=\"M37.5,32.5c-3.14,0-6.08,1.97-7.16,5.22-.25.76-.34,1.55-.34,2.35v2.93c0,.53.21,1.04.59,1.41s.88.59,1.41.59h11c.53,0,1.04-.21,1.41-.59s.59-.88.59-1.41v-2.9c0-.96-.15-1.93-.5-2.82-1.19-2.99-4-4.79-7-4.79h0Z\"><\/path><path class=\"cls-1\" d=\"M31.41,9c0-2.22-.82-4.36-2.3-6.01-1.48-1.65-3.52-2.7-5.73-2.94-2.21-.24-4.42.34-6.22,1.64-1.8,1.29-3.06,3.21-3.54,5.38-.47,2.17-.13,4.43.96,6.36,1.09,1.93,2.86,3.39,4.96,4.1-1.29.2-2.21,1.36-2.11,2.66.1,1.3,1.17,2.31,2.48,2.31h1.5c-1.55,0-2.77,1.41-2.45,3.02.24,1.18,1.34,1.98,2.54,1.98h1.81c1.2,0,2.31-.81,2.54-1.98.32-1.61-.9-3.02-2.45-3.02h1.5c1.3,0,2.38-1.02,2.48-2.31.1-1.3-.82-2.46-2.11-2.66,1.79-.6,3.34-1.75,4.44-3.28,1.1-1.53,1.69-3.37,1.69-5.25h0ZM25.6,10.96l-2.1,2.21v4.34h-2v-4.34l-2-2.21h0c-.32-.39-.3-.99.05-1.36.35-.37.91-.39,1.29-.05l1.71,1.79,1.71-1.79c.38-.34.94-.32,1.29.05.35.37.37.96.05,1.36h0Z\"><\/path><\/svg>\t\t\t<\/div>\n\t\t<\/div>\n\t\t\t\t\t\t<\/div>\n\t\t\t\t<\/div>\n\t\t\t\t<div class=\"elementor-element elementor-element-1716ded elementor-widget elementor-widget-heading\" data-id=\"1716ded\" data-element_type=\"widget\" data-e-type=\"widget\" data-widget_type=\"heading.default\">\n\t\t\t\t<div class=\"elementor-widget-container\">\n\t\t\t\t\t<h3 class=\"elementor-heading-title elementor-size-default\">Business Consulting<\/h3>\t\t\t\t<\/div>\n\t\t\t\t<\/div>\n\t\t\t\t<div class=\"elementor-element elementor-element-1a9c04e elementor-widget elementor-widget-text-editor\" data-id=\"1a9c04e\" data-element_type=\"widget\" data-e-type=\"widget\" data-widget_type=\"text-editor.default\">\n\t\t\t\t<div class=\"elementor-widget-container\">\n\t\t\t\t\t\t\t\t\t<p>We conduct a comprehensive analysis of the current operation of your hotel and identify key areas where improvements can significantly increase performance and profitability.<\/p><h3>Our service includes:<\/h3><ul role=\"list\"><li>Full Business due diligence<\/li><li>Cost optimization proposals<\/li><li>Review and improvement of operational processes<\/li><li>Strategic planning and goal setting<\/li><li>Investment advice<\/li><\/ul>\t\t\t\t\t\t\t\t<\/div>\n\t\t\t\t<\/div>\n\t\t\t\t<\/div>\n\t\t<div class=\"elementor-element elementor-element-a0b36fa e-con-full e-flex e-con e-child\" data-id=\"a0b36fa\" data-element_type=\"container\" data-e-type=\"container\" data-settings=\"{&quot;background_background&quot;:&quot;classic&quot;}\">\n\t\t\t\t<div class=\"elementor-element elementor-element-a11feed elementor-view-framed elementor-shape-circle elementor-widget elementor-widget-icon\" data-id=\"a11feed\" data-element_type=\"widget\" data-e-type=\"widget\" data-widget_type=\"icon.default\">\n\t\t\t\t<div class=\"elementor-widget-container\">\n\t\t\t\t\t\t\t<div class=\"elementor-icon-wrapper\">\n\t\t\t<div class=\"elementor-icon\">\n\t\t\t<svg xmlns=\"http:\/\/www.w3.org\/2000\/svg\" width=\"45\" height=\"45\" viewbox=\"0 0 45 45\" fill=\"none\"><path fill-rule=\"evenodd\" clip-rule=\"evenodd\" d=\"M34.2304 38.7803C32.5156 38.7803 31.1206 40.1752 31.1206 41.8899C31.1209 43.6054 32.5155 45.0004 34.2301 45.0004C35.9448 45.0004 37.3397 43.6054 37.3397 41.8899C37.3399 40.1752 35.9447 38.7803 34.2304 38.7803Z\" fill=\"#E0B389\"><\/path><path fill-rule=\"evenodd\" clip-rule=\"evenodd\" d=\"M32.4771 28.2817L32.4771 38.0851C33.0108 37.8382 33.6046 37.7002 34.2301 37.7002C34.8557 37.7002 35.4495 37.8382 35.9831 38.0851L35.9833 29.2433L35.9701 29.2433C35.1117 29.2433 34.2919 28.9358 33.4989 28.6387C33.1495 28.5072 32.8092 28.3795 32.4771 28.2817Z\" fill=\"#E0B389\"><\/path><path fill-rule=\"evenodd\" clip-rule=\"evenodd\" d=\"M28.5525 16.8135H5.2704H4.1249C1.85066 16.8135 0 18.664 0 20.9383V28.1118C0.497768 28.0227 1.01429 27.8287 1.55243 27.6271C2.34551 27.3299 3.16579 27.0224 4.02354 27.0224C4.88257 27.0224 5.7026 27.3299 6.49569 27.6271C7.04985 27.8349 7.58113 28.0342 8.09308 28.1197C8.11138 28.1216 8.12941 28.1245 8.14711 28.1283C8.29567 28.1508 8.44264 28.1633 8.58806 28.1633C9.25088 28.1633 9.94458 27.9027 10.6805 27.6271C11.275 27.4044 11.884 27.1759 12.5134 27.0754C12.5297 27.0721 12.5462 27.0695 12.5629 27.0677C12.7572 27.0389 12.9534 27.0224 13.1517 27.0224C14.0107 27.0224 14.8297 27.3299 15.6228 27.6271C16.3588 27.9027 17.0524 28.1633 17.7152 28.1633C18.3782 28.1633 19.0726 27.9027 19.8076 27.6271C20.6009 27.3299 21.4209 27.0224 22.2787 27.0224C23.1376 27.0224 23.9578 27.3299 24.7508 27.6271C25.4861 27.9027 26.1805 28.1633 26.8432 28.1633C27.5063 28.1633 28.1998 27.9027 28.9356 27.6271C29.7279 27.3299 30.5481 27.0224 31.4068 27.0224C31.6056 27.0224 31.8022 27.0389 31.9969 27.0679C32.0127 27.0696 32.0283 27.072 32.0437 27.0751C32.6737 27.1755 33.2831 27.4042 33.8779 27.6271C34.6142 27.9027 35.3076 28.1633 35.9704 28.1633C36.1152 28.1633 36.2615 28.1509 36.4094 28.1286C36.4283 28.1245 36.4475 28.1215 36.4671 28.1194C36.9786 28.0338 37.5092 27.8347 38.0628 27.6271C38.856 27.3299 39.6761 27.0224 40.534 27.0224C41.3926 27.0224 42.2129 27.3299 43.006 27.6271C43.5445 27.8287 44.0597 28.0227 44.5584 28.1118L44.5586 20.9383C44.5586 18.664 42.7079 16.8135 40.4337 16.8135H36.8125H33.174H28.5525Z\" fill=\"#E0B389\"><\/path><path fill-rule=\"evenodd\" clip-rule=\"evenodd\" d=\"M31.3971 32.9658H13.1606V35.4388H31.3971V32.9658Z\" fill=\"#E0B389\"><\/path><path fill-rule=\"evenodd\" clip-rule=\"evenodd\" d=\"M8.57373 29.2432L8.57391 38.0852C9.10774 37.8382 9.70184 37.7001 10.3277 37.7001C10.9533 37.7001 11.5472 37.8382 12.0808 38.0851V35.9798L12.0808 32.4273V28.2817C11.7487 28.3795 11.4084 28.5071 11.059 28.6386C10.266 28.9358 9.44649 29.2433 8.58776 29.2433L8.57373 29.2432Z\" fill=\"#E0B389\"><\/path><path fill-rule=\"evenodd\" clip-rule=\"evenodd\" d=\"M10.3281 38.7803C8.6132 38.7803 7.21729 40.1752 7.21729 41.8899C7.21729 43.6054 8.61311 45.0004 10.3277 45.0004C12.0425 45.0004 13.4373 43.6054 13.4373 41.8899C13.4376 40.1752 12.0423 38.7803 10.3281 38.7803Z\" fill=\"#E0B389\"><\/path><path fill-rule=\"evenodd\" clip-rule=\"evenodd\" d=\"M34.6014 13.3604C34.5753 14.0378 34.4398 14.8626 34.062 15.7335H35.925C35.547 14.8629 35.4114 14.0382 35.3854 13.3604C35.2593 13.366 35.1292 13.3692 34.9942 13.3692C34.8585 13.3692 34.7279 13.366 34.6014 13.3604Z\" fill=\"#E0B389\"><\/path><path fill-rule=\"evenodd\" clip-rule=\"evenodd\" d=\"M32.0254 6.98438C32.0552 7.49899 32.0597 8.00164 32.0642 8.48417C32.0833 10.6513 32.0955 11.9587 34.094 12.2343C34.1182 12.2359 34.142 12.239 34.1654 12.2437C34.4113 12.274 34.6861 12.2893 34.9937 12.2893C35.3 12.2893 35.5737 12.274 35.8189 12.2441C35.8433 12.2391 35.8683 12.2358 35.8938 12.2342C37.882 11.9598 37.9032 10.6633 37.9221 8.51458C37.829 8.52319 37.7364 8.52728 37.6442 8.52728C36.8229 8.52728 36.0305 8.2029 35.2056 7.86546C34.2987 7.49456 33.2842 7.07913 32.0254 6.98438Z\" fill=\"#E0B389\"><\/path><path fill-rule=\"evenodd\" clip-rule=\"evenodd\" d=\"M31.5176 4.26465C31.7141 4.80893 31.8383 5.35548 31.9174 5.8955C33.4418 5.97495 34.6352 6.46599 35.6139 6.86612C36.5425 7.24635 37.2503 7.53555 37.941 7.42404C37.9761 6.40639 38.0839 5.33122 38.4685 4.26465L31.5176 4.26465Z\" fill=\"#E0B389\"><\/path><path fill-rule=\"evenodd\" clip-rule=\"evenodd\" d=\"M16.0381 0.872785L16.0381 2.75965C16.3263 2.73605 16.6176 2.72332 16.9117 2.72332C17.2056 2.72332 17.4966 2.73599 17.7846 2.75956L17.7847 0.872756C17.7847 0.391835 17.3927 1.75979e-09 16.9118 1.75979e-09C16.43 -3.03231e-05 16.0381 0.391862 16.0381 0.872785Z\" fill=\"#E0B389\"><\/path><path fill-rule=\"evenodd\" clip-rule=\"evenodd\" d=\"M16.9118 3.80377C11.8351 3.80377 7.67261 7.79174 7.3916 12.7996H26.4312C26.1758 8.24251 22.7057 4.53049 18.2581 3.89898L18.2454 3.89725C17.8095 3.83592 17.3644 3.80377 16.9118 3.80377ZM17.7463 7.74955C17.7463 7.45047 17.9881 7.20957 18.2862 7.20957C18.5846 7.20957 18.8261 7.4505 18.8261 7.74955L18.8263 10.4982C18.8263 10.7972 18.5843 11.0382 18.2863 11.0382C17.9881 11.0382 17.7462 10.7972 17.7462 10.4982L17.7463 7.74955ZM21.036 11.0382C20.7369 11.0382 20.4958 10.7972 20.4958 10.4982L20.496 7.74956C20.496 7.45048 20.7367 7.20958 21.0358 7.20958C21.3343 7.20958 21.5758 7.45051 21.5758 7.74956L21.576 10.4982C21.576 10.7972 21.3338 11.0382 21.036 11.0382ZM16.0766 7.74955V10.4982C16.0766 10.7972 15.8348 11.0382 15.5367 11.0382C15.2388 11.0382 14.9967 10.7972 14.9967 10.4982V7.74955C14.9967 7.45047 15.2385 7.20957 15.5366 7.20957C15.8349 7.20957 16.0766 7.4505 16.0766 7.74955ZM13.327 7.74955L13.3274 10.4982C13.3274 10.7972 13.0852 11.0382 12.7874 11.0382C12.4892 11.0382 12.2471 10.7972 12.2471 10.4982L12.2474 7.74955C12.2474 7.45047 12.489 7.20957 12.787 7.20957C13.0852 7.20957 13.327 7.4505 13.327 7.74955Z\" fill=\"#E0B389\"><\/path><path fill-rule=\"evenodd\" clip-rule=\"evenodd\" d=\"M26.9864 13.8794H6.83772H5.81006V15.7337H28.0117L28.0119 13.8794H26.9864Z\" fill=\"#E0B389\"><\/path><\/svg>\t\t\t<\/div>\n\t\t<\/div>\n\t\t\t\t\t\t<\/div>\n\t\t\t\t<\/div>\n\t\t\t\t<div class=\"elementor-element elementor-element-8579290 elementor-widget elementor-widget-heading\" data-id=\"8579290\" data-element_type=\"widget\" data-e-type=\"widget\" data-widget_type=\"heading.default\">\n\t\t\t\t<div class=\"elementor-widget-container\">\n\t\t\t\t\t<h3 class=\"elementor-heading-title elementor-size-default\">Guest Experience Management<\/h3>\t\t\t\t<\/div>\n\t\t\t\t<\/div>\n\t\t\t\t<div class=\"elementor-element elementor-element-eed1039 elementor-widget elementor-widget-text-editor\" data-id=\"eed1039\" data-element_type=\"widget\" data-e-type=\"widget\" data-widget_type=\"text-editor.default\">\n\t\t\t\t<div class=\"elementor-widget-container\">\n\t\t\t\t\t\t\t\t\t<p>We provide professional services to manage online guest reviews and continuously improve the guest experience.<\/p><h3>Our service includes:<\/h3><ul role=\"list\"><li>Monitoring and analysis of online reviews<\/li><li>Formulate professional and personalized answers<\/li><li>Preparation and analysis of guest satisfaction surveys<\/li><li>Developing strategies to enhance the guest experience<\/li><li>Creating a crisis communication plan<\/li><li>Regular reports and analysis<\/li><\/ul>\t\t\t\t\t\t\t\t<\/div>\n\t\t\t\t<\/div>\n\t\t\t\t<\/div>\n\t\t\t\t\t<\/div>\n\t\t\t\t<\/div>\n\t\t\t\t\t<\/div>\n\t\t\t\t<\/div>\n\t\t\t\t<\/div>","protected":false},"excerpt":{"rendered":"<p>Szolg\u00e1ltat\u00e1saink Kezd\u0151lap \/ Szolg\u00e1ltat\u00e1sok Szolg\u00e1ltat\u00e1saink Professzion\u00e1lis megold\u00e1sok, szem\u00e9lyre szabva A Shared Moments Management \u00e1tfog\u00f3 megold\u00e1sokat k\u00edn\u00e1l a sz\u00e1llodaipar sz\u00e1m\u00e1ra, hogy maximaliz\u00e1lja bev\u00e9teleit \u00e9s optimaliz\u00e1lja m\u0171k\u00f6d\u00e9s\u00e9t. Profitoptimaliz\u00e1l\u00e1s Szem\u00e9lyre szabott strat\u00e9gi\u00e1kat dolgozunk ki az \u00d6n sz\u00e1ll\u00e1shely\u00e9nek egyedi ig\u00e9nyeihez igazodva, hogy maximaliz\u00e1ljuk a bev\u00e9teleket \u00e9s optimaliz\u00e1ljuk a profitot. Szolg\u00e1ltat\u00e1sunk tartalmazza: R\u00e9szletes piacelemz\u00e9s \u00e9s versenyt\u00e1rs-\u00e9rt\u00e9kel\u00e9s Dinamikus \u00e1raz\u00e1si strat\u00e9gi\u00e1k kidolgoz\u00e1sa [&hellip;]<\/p>","protected":false},"author":2,"featured_media":0,"parent":0,"menu_order":0,"comment_status":"closed","ping_status":"closed","template":"elementor_header_footer","meta":{"om_disable_all_campaigns":false,"_monsterinsights_skip_tracking":false,"_monsterinsights_sitenote_active":false,"_monsterinsights_sitenote_note":"","_monsterinsights_sitenote_category":0,"footnotes":""},"class_list":["post-361","page","type-page","status-publish","hentry"],"aioseo_notices":[],"_links":{"self":[{"href":"https:\/\/staging.shmm.hu\/en\/wp-json\/wp\/v2\/pages\/361","targetHints":{"allow":["GET"]}}],"collection":[{"href":"https:\/\/staging.shmm.hu\/en\/wp-json\/wp\/v2\/pages"}],"about":[{"href":"https:\/\/staging.shmm.hu\/en\/wp-json\/wp\/v2\/types\/page"}],"author":[{"embeddable":true,"href":"https:\/\/staging.shmm.hu\/en\/wp-json\/wp\/v2\/users\/2"}],"replies":[{"embeddable":true,"href":"https:\/\/staging.shmm.hu\/en\/wp-json\/wp\/v2\/comments?post=361"}],"version-history":[{"count":28,"href":"https:\/\/staging.shmm.hu\/en\/wp-json\/wp\/v2\/pages\/361\/revisions"}],"predecessor-version":[{"id":451,"href":"https:\/\/staging.shmm.hu\/en\/wp-json\/wp\/v2\/pages\/361\/revisions\/451"}],"wp:attachment":[{"href":"https:\/\/staging.shmm.hu\/en\/wp-json\/wp\/v2\/media?parent=361"}],"curies":[{"name":"wp","href":"https:\/\/api.w.org\/{rel}","templated":true}]}}